{"id":179,"date":"2018-08-29T13:46:03","date_gmt":"2018-08-29T13:46:03","guid":{"rendered":""},"modified":"2022-08-17T18:58:50","modified_gmt":"2022-08-17T18:58:50","slug":"inicio","status":"publish","type":"page","link":"http:\/\/piletasdossoles.com.ar\/","title":{"rendered":"inicio"},"content":{"rendered":"<div aria-live=\"polite\" id=\"soliloquy-container-343_1\" class=\"soliloquy-container soliloquy-transition-fade  soliloquy-theme-base\" style=\"max-width:960px;max-height:450px;\"><ul id=\"soliloquy-343_1\" class=\"soliloquy-slider soliloquy-slides soliloquy-wrap soliloquy-clear\"><li aria-hidden=\"true\" class=\"soliloquy-item soliloquy-item-1 soliloquy-image-slide\" draggable=\"false\" style=\"list-style:none\"><img decoding=\"async\" id=\"soliloquy-image-607\" class=\"soliloquy-image soliloquy-image-1\" src=\"http:\/\/piletasdossoles.com.ar\/wp-content\/uploads\/2022\/04\/WhatsApp-Image-2021-10-31-at-8.30.56-PM-960x450_c.jpeg\" alt=\"WhatsApp Image 2021-10-31 at 8.30.56 PM\" \/><\/li><li aria-hidden=\"true\" class=\"soliloquy-item soliloquy-item-2 soliloquy-image-slide\" draggable=\"false\" style=\"list-style:none\"><img decoding=\"async\" id=\"soliloquy-image-606\" class=\"soliloquy-image soliloquy-image-2\" src=\"http:\/\/piletasdossoles.com.ar\/wp-content\/uploads\/2022\/04\/WhatsApp-Image-2021-12-14-at-6.04.31-PM-960x450_c.jpeg\" alt=\"WhatsApp Image 2021-12-14 at 6.04.31 PM\" \/><\/li><li aria-hidden=\"true\" class=\"soliloquy-item soliloquy-item-3 soliloquy-image-slide\" draggable=\"false\" style=\"list-style:none\"><img decoding=\"async\" id=\"soliloquy-image-612\" class=\"soliloquy-image soliloquy-image-3\" src=\"http:\/\/piletasdossoles.com.ar\/wp-content\/uploads\/2022\/04\/WhatsApp-Image-2021-12-14-at-6.00.41-PM-960x450_c.jpeg\" alt=\"WhatsApp Image 2021-12-14 at 6.00.41 PM\" \/><\/li><li aria-hidden=\"true\" class=\"soliloquy-item soliloquy-item-4 soliloquy-image-slide\" draggable=\"false\" style=\"list-style:none\"><img decoding=\"async\" id=\"soliloquy-image-611\" class=\"soliloquy-image soliloquy-image-4\" src=\"http:\/\/piletasdossoles.com.ar\/wp-content\/uploads\/2022\/04\/WhatsApp-Image-2021-12-13-at-5.55.13-PM-960x450_c.jpeg\" alt=\"WhatsApp Image 2021-12-13 at 5.55.13 PM\" \/><\/li><li aria-hidden=\"true\" class=\"soliloquy-item soliloquy-item-5 soliloquy-image-slide\" draggable=\"false\" style=\"list-style:none\"><img decoding=\"async\" id=\"soliloquy-image-610\" class=\"soliloquy-image soliloquy-image-5\" src=\"http:\/\/piletasdossoles.com.ar\/wp-content\/uploads\/2022\/04\/WhatsApp-Image-2021-12-13-at-5.55.13-PM-1-960x450_c.jpeg\" alt=\"WhatsApp Image 2021-12-13 at 5.55.13 PM (1)\" \/><\/li><li aria-hidden=\"true\" class=\"soliloquy-item soliloquy-item-6 soliloquy-image-slide\" draggable=\"false\" style=\"list-style:none\"><img decoding=\"async\" id=\"soliloquy-image-609\" class=\"soliloquy-image soliloquy-image-6\" src=\"http:\/\/piletasdossoles.com.ar\/wp-content\/uploads\/2022\/04\/WhatsApp-Image-2021-11-05-at-6.51.35-PM-960x450_c.jpeg\" alt=\"WhatsApp Image 2021-11-05 at 6.51.35 PM\" \/><\/li><li aria-hidden=\"true\" class=\"soliloquy-item soliloquy-item-7 soliloquy-image-slide\" draggable=\"false\" style=\"list-style:none\"><img decoding=\"async\" id=\"soliloquy-image-608\" class=\"soliloquy-image soliloquy-image-7\" src=\"http:\/\/piletasdossoles.com.ar\/wp-content\/uploads\/2022\/04\/WhatsApp-Image-2021-10-31-at-8.31.35-PM-960x450_c.jpeg\" alt=\"WhatsApp Image 2021-10-31 at 8.31.35 PM\" \/><\/li><li aria-hidden=\"true\" class=\"soliloquy-item soliloquy-item-8 soliloquy-image-slide\" draggable=\"false\" style=\"list-style:none\"><img decoding=\"async\" id=\"soliloquy-image-613\" class=\"soliloquy-image soliloquy-image-8\" src=\"http:\/\/piletasdossoles.com.ar\/wp-content\/uploads\/2022\/04\/WhatsApp-Image-2021-12-14-at-6.04.25-PM-3-960x450_c.jpeg\" alt=\"WhatsApp Image 2021-12-14 at 6.04.25 PM (3)\" \/><\/li><li aria-hidden=\"true\" class=\"soliloquy-item soliloquy-item-9 soliloquy-image-slide\" draggable=\"false\" style=\"list-style:none\"><img decoding=\"async\" id=\"soliloquy-image-614\" class=\"soliloquy-image soliloquy-image-9\" src=\"http:\/\/piletasdossoles.com.ar\/wp-content\/uploads\/2022\/04\/WhatsApp-Image-2021-12-14-at-6.04.29-PM-1-960x450_c.jpeg\" alt=\"WhatsApp Image 2021-12-14 at 6.04.29 PM (1)\" \/><\/li><li aria-hidden=\"true\" class=\"soliloquy-item soliloquy-item-10 soliloquy-image-slide\" draggable=\"false\" style=\"list-style:none\"><img decoding=\"async\" id=\"soliloquy-image-615\" class=\"soliloquy-image soliloquy-image-10\" src=\"http:\/\/piletasdossoles.com.ar\/wp-content\/uploads\/2022\/04\/WhatsApp-Image-2021-12-14-at-6.04.29-PM-960x450_c.jpeg\" alt=\"WhatsApp Image 2021-12-14 at 6.04.29 PM\" \/><\/li><li aria-hidden=\"true\" class=\"soliloquy-item soliloquy-item-11 soliloquy-image-slide\" draggable=\"false\" style=\"list-style:none\"><img decoding=\"async\" id=\"soliloquy-image-811\" class=\"soliloquy-image soliloquy-image-11\" src=\"http:\/\/piletasdossoles.com.ar\/wp-content\/uploads\/2022\/04\/WhatsApp-Image-2022-04-06-at-5.40.24-PM-960x450_c.jpeg\" alt=\"WhatsApp-Image-2022-04-06-at-5.40.24-PM\" \/><\/li><li aria-hidden=\"true\" class=\"soliloquy-item soliloquy-item-12 soliloquy-image-slide\" draggable=\"false\" style=\"list-style:none\"><img decoding=\"async\" id=\"soliloquy-image-809\" class=\"soliloquy-image soliloquy-image-12\" src=\"http:\/\/piletasdossoles.com.ar\/wp-content\/uploads\/2022\/04\/WhatsApp-Image-2022-04-06-at-5.40.23-PM-960x450_c.jpeg\" alt=\"WhatsApp-Image-2022-04-06-at-5.40.23-PM\" \/><\/li><li aria-hidden=\"true\" class=\"soliloquy-item soliloquy-item-13 soliloquy-image-slide\" draggable=\"false\" style=\"list-style:none\"><img decoding=\"async\" id=\"soliloquy-image-580\" class=\"soliloquy-image soliloquy-image-13\" src=\"http:\/\/piletasdossoles.com.ar\/wp-content\/uploads\/2021\/03\/led-960x450_c.jpg\" alt=\"led\" \/><\/li><\/ul><\/div><noscript><style type=\"text\/css\">#soliloquy-container-343_1{opacity:1}<\/style><\/noscript>\n<h5><\/h5>\n<h5><span style=\"color: #132f5c;\"><strong>El verano con Piletas DOS SOLES es garant\u00eda de felicidad&#8230;<\/strong><\/span><\/h5>\n<p><span style=\"color: #132f5c;\">Somos una empresa con una experiencia comprobable en la fabricaci\u00f3n, venta e instalaci\u00f3n de piscinas de fibra de vidrio.<\/span><br \/>\n<span style=\"color: #132f5c;\">Adem\u00e1s incluimos los servicios que complementan a nuestros productos como la instalaci\u00f3n de equipos de filtrado, iluminaci\u00f3n, climatizadores y otros accesorios relacionados con las piletas de fibra.<\/span><br \/>\n<span style=\"color: #132f5c;\"> Contamos con una gran aceptaci\u00f3n en el mercado y nuestros clientes nos recomiendan a\u00f1o a a\u00f1o.<\/span><br \/>\n<span style=\"color: #132f5c;\"> La mejor calidad del mercado.<\/span><\/p>\n<p><span style=\"color: #132f5c;\">Todos nuestros productos cuentan con garant\u00eda.<\/span><\/p>\n<p><span style=\"color: #132f5c;\">Zona de cobertura: Las Rosas (SF) y alrededores<\/span><\/p>\n<p><strong><span style=\"color: #132f5c;\">Instalaciones en el d\u00eda.<\/span><\/strong><\/p>\n<div style=\"width: 352px;\" class=\"wp-video\"><video class=\"wp-video-shortcode\" id=\"video-179-1\" width=\"352\" height=\"352\" preload=\"metadata\" controls=\"controls\"><source type=\"video\/mp4\" src=\"http:\/\/www.piletasdossoles.com.ar\/wp-content\/uploads\/2021\/02\/PiletasOLITA.mp4?_=1\" \/><a href=\"http:\/\/www.piletasdossoles.com.ar\/wp-content\/uploads\/2021\/02\/PiletasOLITA.mp4\">http:\/\/www.piletasdossoles.com.ar\/wp-content\/uploads\/2021\/02\/PiletasOLITA.mp4<\/a><\/video><\/div>\n","protected":false},"excerpt":{"rendered":"<p>El verano con Piletas DOS SOLES es garant\u00eda de felicidad&#8230; Somos una empresa con una experiencia comprobable en la fabricaci\u00f3n, venta e instalaci\u00f3n de piscinas de fibra de vidrio. Adem\u00e1s incluimos los servicios que complementan a nuestros productos como la instalaci\u00f3n de equipos de filtrado, iluminaci\u00f3n, climatizadores y otros accesorios relacionados con las piletas de [&hellip;]<\/p>\n","protected":false},"author":1,"featured_media":0,"parent":0,"menu_order":25,"comment_status":"closed","ping_status":"closed","template":"page-template\/home-custom.php","meta":{"footnotes":""},"class_list":["post-179","page","type-page","status-publish","hentry"],"_links":{"self":[{"href":"http:\/\/piletasdossoles.com.ar\/index.php?rest_route=\/wp\/v2\/pages\/179","targetHints":{"allow":["GET"]}}],"collection":[{"href":"http:\/\/piletasdossoles.com.ar\/index.php?rest_route=\/wp\/v2\/pages"}],"about":[{"href":"http:\/\/piletasdossoles.com.ar\/index.php?rest_route=\/wp\/v2\/types\/page"}],"author":[{"embeddable":true,"href":"http:\/\/piletasdossoles.com.ar\/index.php?rest_route=\/wp\/v2\/users\/1"}],"replies":[{"embeddable":true,"href":"http:\/\/piletasdossoles.com.ar\/index.php?rest_route=%2Fwp%2Fv2%2Fcomments&post=179"}],"version-history":[{"count":38,"href":"http:\/\/piletasdossoles.com.ar\/index.php?rest_route=\/wp\/v2\/pages\/179\/revisions"}],"predecessor-version":[{"id":824,"href":"http:\/\/piletasdossoles.com.ar\/index.php?rest_route=\/wp\/v2\/pages\/179\/revisions\/824"}],"wp:attachment":[{"href":"http:\/\/piletasdossoles.com.ar\/index.php?rest_route=%2Fwp%2Fv2%2Fmedia&parent=179"}],"curies":[{"name":"wp","href":"https:\/\/api.w.org\/{rel}","templated":true}]}}